{"id":2089,"date":"2022-06-07T09:35:46","date_gmt":"2022-06-07T07:35:46","guid":{"rendered":"https:\/\/baruffaldipremanashop.com\/shop\/?post_type=product&#038;p=2089"},"modified":"2024-05-08T11:02:13","modified_gmt":"2024-05-08T09:02:13","slug":"levacomedoni","status":"publish","type":"product","link":"https:\/\/baruffaldipremanashop.com\/shop\/product\/levacomedoni\/","title":{"rendered":"Levacomedoni"},"content":{"rendered":"<p>Modo d\u2019uso: inumidire la pelle, appoggiare il levacomedoni esercitando una lieve pressione sulla parte interessata.<\/p>\n<p>Prodotto venduto con custodia protettiva in PVC.<\/p>\n<p>Avvertenze:<\/p>\n<p>I produttori possono modificare la composizione dei loro articoli. Pertanto, la confezione del prodotto pu\u00f2 contenere informazioni diverse rispetto a quelle mostrate sul nostro sito.<\/p>\n<p>TENERE FUORI DALLA PORTATA DEI BAMBINI<\/p>\n<p>Made in Pakistan<\/p>\n","protected":false},"excerpt":{"rendered":"<p>Strumento levacomedoni con doppia estremit\u00e0, \u00e8 ideale per eliminare impurit\u00e0 e punti neri.<\/p>\n<p><span class=\"a-list-item\">\u00a0Adatto sia per l&#8217;uso professionale che domestico.<\/span><\/p>\n","protected":false},"featured_media":2090,"comment_status":"open","ping_status":"closed","template":"","meta":[],"product_cat":[65],"product_tag":[80,181],"_links":{"self":[{"href":"https:\/\/baruffaldipremanashop.com\/shop\/wp-json\/wp\/v2\/product\/2089"}],"collection":[{"href":"https:\/\/baruffaldipremanashop.com\/shop\/wp-json\/wp\/v2\/product"}],"about":[{"href":"https:\/\/baruffaldipremanashop.com\/shop\/wp-json\/wp\/v2\/types\/product"}],"replies":[{"embeddable":true,"href":"https:\/\/baruffaldipremanashop.com\/shop\/wp-json\/wp\/v2\/comments?post=2089"}],"wp:featuredmedia":[{"embeddable":true,"href":"https:\/\/baruffaldipremanashop.com\/shop\/wp-json\/wp\/v2\/media\/2090"}],"wp:attachment":[{"href":"https:\/\/baruffaldipremanashop.com\/shop\/wp-json\/wp\/v2\/media?parent=2089"}],"wp:term":[{"taxonomy":"product_cat","embeddable":true,"href":"https:\/\/baruffaldipremanashop.com\/shop\/wp-json\/wp\/v2\/product_cat?post=2089"},{"taxonomy":"product_tag","embeddable":true,"href":"https:\/\/baruffaldipremanashop.com\/shop\/wp-json\/wp\/v2\/product_tag?post=2089"}],"curies":[{"name":"wp","href":"https:\/\/api.w.org\/{rel}","templated":true}]}}