{"id":1585,"date":"2022-05-30T09:19:42","date_gmt":"2022-05-30T07:19:42","guid":{"rendered":"https:\/\/baruffaldipremanashop.com\/shop\/?post_type=product&#038;p=1585"},"modified":"2023-04-13T11:57:40","modified_gmt":"2023-04-13T09:57:40","slug":"pietra-pomice","status":"publish","type":"product","link":"https:\/\/baruffaldipremanashop.com\/shop\/product\/pietra-pomice\/","title":{"rendered":"Pietra pomice"},"content":{"rendered":"<p><span class=\"a-list-item\">Le dimensioni compatte della nostra pietra pomice assicurano che sia facile da usare anche con una sola mano; La corda ti aiuta a maneggiarla durante l&#8217;esfoliazione e facilita per la conservazione quotidiana: puoi semplicemente appenderla e asciugarla all&#8217;aria<\/span><\/p>\n<p><span class=\"a-list-item\">Asciugare la pietra dopo ogni uso.<\/span><\/p>\n<p>&nbsp;<\/p>\n","protected":false},"excerpt":{"rendered":"<p>L&#8217;uso della pietra pomice per rimuovere il callo \u00e8 il modo pi\u00f9 naturale e sano per prendersi cura dei propri piedi e ammorbidire la pelle pi\u00f9 ruvida.<\/p>\n<p>&nbsp;<\/p>\n<p>&nbsp;<\/p>\n<p>&nbsp;<\/p>\n","protected":false},"featured_media":1918,"comment_status":"open","ping_status":"closed","template":"","meta":[],"product_cat":[62],"product_tag":[80,104,120],"_links":{"self":[{"href":"https:\/\/baruffaldipremanashop.com\/shop\/wp-json\/wp\/v2\/product\/1585"}],"collection":[{"href":"https:\/\/baruffaldipremanashop.com\/shop\/wp-json\/wp\/v2\/product"}],"about":[{"href":"https:\/\/baruffaldipremanashop.com\/shop\/wp-json\/wp\/v2\/types\/product"}],"replies":[{"embeddable":true,"href":"https:\/\/baruffaldipremanashop.com\/shop\/wp-json\/wp\/v2\/comments?post=1585"}],"wp:featuredmedia":[{"embeddable":true,"href":"https:\/\/baruffaldipremanashop.com\/shop\/wp-json\/wp\/v2\/media\/1918"}],"wp:attachment":[{"href":"https:\/\/baruffaldipremanashop.com\/shop\/wp-json\/wp\/v2\/media?parent=1585"}],"wp:term":[{"taxonomy":"product_cat","embeddable":true,"href":"https:\/\/baruffaldipremanashop.com\/shop\/wp-json\/wp\/v2\/product_cat?post=1585"},{"taxonomy":"product_tag","embeddable":true,"href":"https:\/\/baruffaldipremanashop.com\/shop\/wp-json\/wp\/v2\/product_tag?post=1585"}],"curies":[{"name":"wp","href":"https:\/\/api.w.org\/{rel}","templated":true}]}}