{"id":1830,"date":"2022-05-31T18:19:34","date_gmt":"2022-05-31T16:19:34","guid":{"rendered":"https:\/\/baruffaldipremanashop.com\/shop\/?page_id=1830"},"modified":"2025-07-03T10:35:55","modified_gmt":"2025-07-03T08:35:55","slug":"termini-condizioni","status":"publish","type":"page","link":"https:\/\/baruffaldipremanashop.com\/shop\/termini-condizioni\/","title":{"rendered":"Termini &#038; Condizioni"},"content":{"rendered":"\n<div class=\"wp-block-spacer\" style=\"height: 100px;\" aria-hidden=\"true\">\u00a0<\/div>\n\n\n\n<h1 class=\"nm-block-heading wp-block-heading\">Termini &amp; condizioni.<\/h1>\n\n\n\n<p>L&#8217;acquisto dei prodotti sul sito <a href=\"https:\/\/www.baruffaldipremanashop.com\" target=\"_blank\" rel=\"noreferrer noopener\">www.baruffaldipremanashop.com<\/a> \u00e8 regolato dalle presenti condizioni generali di vendita (d&#8217;ora in poi denominate \u201cCondizioni Generali di Vendita\u201d), che si richiede di visionare prima di concludere un ordine d\u2019acquisto.<\/p>\n\n\n\n<p>Le presenti Condizioni Generali di Vendita si applicano a tutti gli ordini d&#8217;acquisto effettuati sul sito <a href=\"https:\/\/www.baruffaldipremanashop.com\" target=\"_blank\" rel=\"noreferrer noopener\">www.baruffaldipremanashop.com<\/a> secondo le modalit\u00e0 ed i termini indicati al successivo punto \u201cCome concludere un ordine d\u2019acquisto\u201d.<\/p>\n\n\n\n<div class=\"wp-block-spacer\" style=\"height: 20px;\" aria-hidden=\"true\">\u00a0<\/div>\n\n\n\n<p><strong>VENDITORE<\/strong><\/p>\n\n\n\n<p>Tutti i prodotti e\/o marchi presenti all\u2019interno del sito web: <a href=\"https:\/\/www.baruffaldipremanashop.com\" target=\"_blank\" rel=\"noreferrer noopener\">www.baruffaldipremanashop.com<\/a> sono di propriet\u00e0 di BARUFFALDI FRATELLI SRL, con sede a VIA RISORGIMENTO, 84 Premana (LC), C.F. e P.IVA \/ VAT N.: IT00707720132 (da questo momento denominata \u201cBARUFFALDI FRATELLI SRL\u201d)<\/p>\n\n\n\n<p>BARUFFALDI FRATELLI SRL \u00e8 il venditore dei prodotti che il cliente pu\u00f2 acquistare sul sito <a href=\"https:\/\/www.baruffaldipremanashop.com\" target=\"_blank\" rel=\"noreferrer noopener\">www.baruffaldipremanashop.com<\/a><\/p>\n\n\n\n<div class=\"wp-block-spacer\" style=\"height: 20px;\" aria-hidden=\"true\">\u00a0<\/div>\n\n\n\n<p><strong>DESTINATARI DELL&#8217;OFFERTA COMMERCIALE<\/strong><\/p>\n\n\n\n<p>BARUFFALDI FRATELLI SRL offre in vendita i prodotti a \u201cconsumatori\u201d e soggetti professionali, aziende.<\/p>\n\n\n\n<p>Le condizioni di vendita che riferiscono alle normative del Codice del Consumatore (B2C) si applicano esclusivamente agli acquisti effettuati da consumatori.<\/p>\n\n\n\n<p>Per quanto riguarda i soggetti professionali, si applicano le ordinarie disposizioni del codice civile e delle normative sul commercio a distanza per via telematica tra professionisti (B2B).<\/p>\n\n\n\n<p>Per \u201cconsumatore\u201d, si intende la persona fisica che agisce per scopi estranei all&#8217;attivit\u00e0 imprenditoriale, commerciale, artigianale o professionale eventualmente svolta.<\/p>\n\n\n\n<div class=\"wp-block-spacer\" style=\"height: 20px;\" aria-hidden=\"true\">\u00a0<\/div>\n\n\n\n<p><strong>OGGETTO DEL CONTRATTO<\/strong><\/p>\n\n\n\n<p>Le presenti Condizioni Generali di Vendita hanno per oggetto l&#8217;acquisto di prodotti dedicati da BARUFFALDI FRATELLI SRL, effettuato a distanza tramite rete telematica (\u201cinternet\u201d) tra il venditore ed il destinatario dell&#8217;offerta commerciale.<\/p>\n\n\n\n<div class=\"wp-block-spacer\" style=\"height: 20px;\" aria-hidden=\"true\">\u00a0<\/div>\n\n\n\n<p><strong>PREZZI DEI PRODOTTI<\/strong><\/p>\n\n\n\n<p>Tutti i prezzi sono da intendersi comprensivi di IVA.<\/p>\n\n\n\n<p>I prezzi non includono le spese di spedizione che potranno comunque essere visionati in sede di conclusione dell&#8217;ordine e prima dell&#8217;invio dello stesso.<\/p>\n\n\n\n<p>I prezzi possono essere modificati in qualsiasi momento, senza alcun preavviso.<\/p>\n\n\n\n<p>Si domanda, pertanto, di accertarsi del prezzo finale prima di concludere un ordine d&#8217;acquisto.<\/p>\n\n\n\n<div class=\"wp-block-spacer\" style=\"height: 20px;\" aria-hidden=\"true\">\u00a0<\/div>\n\n\n\n<p><strong>COME CONCLUDERE UN ORDINE D&#8217;ACQUISTO<\/strong><\/p>\n\n\n\n<p>Per poter effettuare un ordine d&#8217;acquisto sul sito <a href=\"https:\/\/www.baruffaldipremanashop.com\" target=\"_blank\" rel=\"noreferrer noopener\">www.baruffaldipremanashop.com<\/a>, \u00e8 necessario che l\u2019utente sia in possesso di un valido indirizzo e-mail, oltre che ai requisiti di legge per stipulare il relativo contratto d\u2019acquisto. Si pu\u00f2 effettuare un ordine d&#8217;acquisto seguendo questa procedura:<\/p>\n\n\n\n<p>&#8211; Dopo aver scelto uno o pi\u00f9 prodotti da acquistare, cliccare su \u201cAggiungi al carrello\u201d.<\/p>\n\n\n\n<p>&#8211; Compilare il modulo d&#8217;ordine seguendo le istruzioni. Nel modulo d&#8217;ordine saranno indicate le caratteristiche essenziali dei prodotti ordinati, il relativo prezzo (incluse tutte le imposte o dazi, ove determinabili), le spese di consegna, le modalit\u00e0 di pagamento e di consegna dei prodotti.<\/p>\n\n\n\n<p>&#8211; Prima di trasmettere il modulo d&#8217;ordine, sar\u00e0 richiesto di leggere le presenti Condizioni Generali di Vendita e l&#8217;Informativa sul diritto di recesso. Si prega di leggere attentamente quanto previsto in tali sezioni, oltre che nelle sezioni \u201cPrivacy Policy\u201d e \u201cCondizioni generali di vendita\u201d richiamate tramite apposito link, perch\u00e9 aver trasmesso l&#8217;ordine d&#8217;acquisto tali previsioni si considereranno conosciute ed accettate integralmente.<\/p>\n\n\n\n<p>&#8211; Prima di trasmettere il modulo d&#8217;ordine, vi sar\u00e0 anche la possibilit\u00e0 di verificare i dati inseriti per poter correggere eventuali errori.<\/p>\n\n\n\n<p>&#8211; A questo punto, per trasmettere il modulo d&#8217;ordine a BARUFFALDI FRATELLI SRL, cliccare su \u201cAcquista\u201d. Nel momento in cui BARUFFALDI FRATELLI SRL ricever\u00e0 il modulo d&#8217;ordine che hai inviato, la proposta d\u2019acquisto si considerer\u00e0 inoltrata.<\/p>\n\n\n\n<p>&#8211; A seguito della ricezione del modulo d&#8217;ordine, BARUFFALDI FRATELLI SRL si riserver\u00e0 di trasmettere via e-mail una ricevuta dell&#8217;ordine, in cui saranno riportate le informazioni gi\u00e0 indicate nel modulo d&#8217;ordine (caratteristiche essenziali dei prodotti, prezzo, spese di consegna, modalit\u00e0 di pagamento e di consegna, link alla sezione \u201cResi\u201d) e provveder\u00e0 a dare esecuzione all\u2019ordine d&#8217;acquisto.<\/p>\n\n\n\n<p>&#8211; L\u2019ordine sar\u00e0 archiviato nel database di <a href=\"https:\/\/www.baruffaldipremanashop.com\" target=\"_blank\" rel=\"noreferrer noopener\">www.baruffaldipremanashop.com<\/a> e se il cliente avr\u00e0 effettuato la registrazione al momento dell\u2019ordine, potr\u00e0 essere visionato in qualsiasi momento accedendo all\u2019 \u201cAccount\u201d inserendo i dati attraverso la funzionalit\u00e0 \u201cLogin\u201d.<\/p>\n\n\n\n<p>Il contratto d\u2019acquisto di uno o pi\u00f9 prodotti si considerer\u00e0 concluso soltanto nel momento in cui BARUFFALDI FRATELLI SRL comunicher\u00e0 al cliente l\u2019avvenuta spedizione del relativo prodotto.<\/p>\n\n\n\n<p>BARUFFALDI FRATELLI SRL si riserva il diritto di non dare esecuzione agli ordini d&#8217;acquisto con dati mancanti o non corretti, oppure che non forniscano garanzia di solvibilit\u00e0. In questi casi, l\u2019utente sar\u00e0 informato tramite e-mail della mancata esecuzione dell&#8217;ordine e dei relativi motivi.<\/p>\n\n\n\n<p>BARUFFALDI FRATELLI SRL si riserva inoltre il diritto di non dare esecuzione agli ordini d&#8217;acquisto qualora i prodotti risultassero, per qualsiasi motivo e anche solo temporaneamente, indisponibili. In questo caso, entro 3 (tre) giorni dalla ricezione dell\u2019ordine, BARUFFALDI FRATELLI SRL informer\u00e0 l\u2019utente via e-mail che il prodotto non \u00e8 disponibile e provveder\u00e0 al rimborso di quanto eventualmente gi\u00e0 pagato.<\/p>\n\n\n\n<p>BARUFFALDI FRATELLI SRL si riserva sempre il diritto di accettare o meno gli ordini d&#8217;acquisto relativi a prodotti da spedire in determinati paesi. La comunicazione verr\u00e0 inoltrata a mezzo mail.<\/p>\n\n\n\n<p>Ove i prodotti ordinati siano disponibili e BARUFFALDI FRATELLI SRL intenda accettare l\u2019ordine d\u2019acquisto, BARUFFALDI FRATELLI SRL si impegna a processare l\u2019ordine e ad effettuare la spedizione dei prodotti entro 2 (due) giorni lavorativi. BARUFFALDI FRATELLI SRL \u00e8 esente da qualsiasi responsabilit\u00e0 per ritardi nella consegna dei prodotti che siano indipendenti dalla condotta di BARUFFALDI FRATELLI SRL, ad esempio perch\u00e9 dipendenti dal servizio erogato dal corriere che ha in gestione la consegna.<\/p>\n\n\n\n<div class=\"wp-block-spacer\" style=\"height: 20px;\" aria-hidden=\"true\">\u00a0<\/div>\n\n\n\n<p><strong>PAGAMENTI<\/strong><\/p>\n\n\n\n<p>PayPal \/ Carta di credito \/ Bonifico SEPA<\/p>\n\n\n\n<p>Se il cliente effettua il pagamento con PayPal\/Carta di credito, BARUFFALDI FRATELLI SRL garantisce che la gestione della procedura di pagamento sar\u00e0 gestita da un primario gateway di pagamento senza che BARUFFALDI FRATELLI SRL entri in possesso di alcun dato bancario o finanziario. Le informazioni della carta di credito saranno utilizzate esclusivamente per poter dare esecuzione alla procedura d&#8217;acquisto, per accreditare il relativo rimborso qualora il cliente dovesse restituire i prodotti in virt\u00f9 del diritto di recesso.<\/p>\n\n\n\n<p>Inoltre, in nessun caso BARUFFALDI FRATELLI SRL custodir\u00e0 dati riguardanti tali informazioni.<\/p>\n\n\n\n<p>Se il cliente effettua il pagamento con Bonifico Bancario\/Postale Anticipato la procedura di evasione dell&#8217;ordine verr\u00e0 avviata una volta accreditato l&#8217;importo dell&#8217;intero ordine sul C\/C intestato a BARUFFALDI FRATELLI SRL, (circa 1-5 giorni lavorativi).<\/p>\n\n\n\n<p>In seguito a questa verifica, il cliente ricever\u00e0 una mail da parte del venditore con la conferma dell\u2019ordine.<\/p>\n\n\n\n<p>La causale del bonifico dovr\u00e0 riportare: La data e il numero dell&#8217;ordine \u2013 Ragione sociale completa (Se presente), Nome e cognome dell&#8217;ordinante. Al momento della conferma dell&#8217;ordine il cliente ricever\u00e0 una mail con tutti gli estremi per effettuare il bonifico.<\/p>\n\n\n\n<div class=\"wp-block-spacer\" style=\"height: 20px;\" aria-hidden=\"true\">\u00a0<\/div>\n\n\n\n<p><strong>SPEDIZIONE: TEMPI E CONSEGNA<\/strong><\/p>\n\n\n\n<p>Fatto salvo il caso della parziale o totale indisponibilit\u00e0 dei prodotti, nel caso in cui BARUFFALDI FRATELLI SRL decida di dare esecuzione all\u2019ordine d\u2019acquisto, BARUFFALDI FRATELLI SRL si impegna a consegnare il prodotto o i prodotti al corriere al pi\u00f9 tardi entro 2 (due) giorni dalla data d\u2019inoltro dell\u2019ordine d\u2019acquisto. Gli ordini accettati saranno spediti e consegnati tramite corriere selezionato da BARUFFALDI FRATELLI SRL. Per conoscere tutti i dettagli sulle modalit\u00e0 di spedizione e consegna dei prodotti, \u00e8 necessario consultare la sezione \u201cspedizione e consegna\u201d. Si invita a leggere il contenuto della sezione \u201cspedizione e consegna\u201d perch\u00e9 esso \u00e8 parte integrante e sostanziale di queste Condizioni Generali di Vendita e, pertanto, si considera conosciuto ed accettato integralmente al momento dell&#8217;invio del modulo d&#8217;ordine. BARUFFALDI FRATELLI SRL \u00e8 esente da qualsiasi responsabilit\u00e0 per ritardi nella consegna dei prodotti che siano indipendenti dalla condotta di BARUFFALDI FRATELLI SRL, ad esempio perch\u00e9 dipendenti dal servizio erogato dal corriere che ha in gestione la consegna (es. scioperi, etc.).<\/p>\n\n\n\n<div class=\"wp-block-spacer\" style=\"height: 20px;\" aria-hidden=\"true\">\u00a0<\/div>\n\n\n\n<p><strong>DIRITTO DI RECESSO<\/strong><\/p>\n\n\n\n<p>Il cliente che riveste la qualit\u00e0 di consumatore ha il diritto di recedere dal contratto di acquisto stipulato con BARUFFALDI FRATELLI SRL senza alcuna penalit\u00e0 e senza indicarne le ragioni. Il periodo di recesso scade dopo 14 (quattordici) giorni dalla data in cui il cliente o un terzo, diverso dal corriere e dal cliente designato, acquisiscono il possesso fisico dei prodotti.<\/p>\n\n\n\n<p>Tale comunicazione dovr\u00e0 essere inviata a mezzo lettera raccomandata con avviso di ricevimento a BARUFFALDI FRATELLI SRL, Via Giabbio snc &#8211; 23834 Premana (LC), oppure mediante e-mail al nostro Servizio Clienti: <a href=\"mailto:baruffaldi@baruffaldi-fratelli.com\">baruffaldi@baruffaldi-fratelli.com<\/a><\/p>\n\n\n\n<p>Entro ulteriori 14 giorni dalla data di invio della comunicazione della volont\u00e0 di recedere, il Consumatore dovr\u00e0 provvedere alla restituzione della merce a BARUFFALDI FRATELLI SRL.&nbsp;Il diritto di recesso \u00e8 comunque sottoposto alle seguenti condizioni:<\/p>\n\n\n\n<p>-I prodotti resi devono essere spediti a BARUFFALDI FRATELLI SRL senza indebito ritardo ed in ogni caso entro 14 (giorni) dalla data in cui il cliente ha comunicato a BARUFFALDI FRATELLI SRL la sua intenzione di recedere. Far\u00e0 fede la data di invio postale o di consegna al corriere. I costi di spedizione dei prodotti resi saranno integralmente a carico del cliente.<\/p>\n\n\n\n<p>-I rimborsi saranno effettuati utilizzando lo stesso mezzo di pagamento usato per la transazione iniziale.<\/p>\n\n\n\n<p>-Il cliente sar\u00e0 unicamente responsabile della diminuzione del valore dei beni risultante da una manipolazione dei beni diversa da quella necessaria per stabilire la natura, le caratteristiche ed il funzionamento dei prodotti.<\/p>\n\n\n\n<p>Si precisa che:<\/p>\n\n\n\n<p>1. \u00c8 assolutamente vietato rimuovere sigilli o etichette;<\/p>\n\n\n\n<p>2. I prodotti devono essere spediti nelle condizioni originali, puliti, integri e completi, anche di eventuali accessori;<\/p>\n\n\n\n<p>3. \u00c8 vietato utilizzare i prodotti per finalit\u00e0 di \u201cprova\u201d prima di effettuare il reso.<\/p>\n\n\n\n<p>4. Il diritto di recesso non si applica ai prodotti sigillati aperti dal consumatore, n\u00e9 ai beni sigillati che non si prestano ad essere restituiti per motivi igienici o connessi alla protezione della salute che sono stati aperti dopo la consegna.<\/p>\n\n\n\n<p>5. Il diritto di recesso \u00e8 riservato esclusivamente ai consumatori (persone fisiche che acquistano i beni non per scopi legati alla propria attivit\u00e0 professionale, commerciale o imprenditoriale), quindi non pu\u00f2 essere esercitato dalle persone giuridiche e dalle persone fisiche che agiscono per scopi riferibili all&#8217;attivit\u00e0 professionale eventualmente svolta.<\/p>\n\n\n\n<p>Nel caso in cui il cliente non rispetti i termini per il diritto di recesso e di reso sopraindicati, oppure le disposizioni di cui ai precedenti punti 1), 2), 3), 4) e 5), BARUFFALDI FRATELLI SRL non sar\u00e0 tenuta a rimborsare il prezzo d\u2019acquisto dei prodotti al cliente. Nel caso in cui il cliente abbia comunque restituito tali prodotti, potr\u00e0 domandare a BARUFFALDI FRATELLI SRL di rinviargli i medesimi articoli acquistati, ma con spese di rispedizione integralmente a carico del cliente che ha violato le norme sul diritto di recesso.<\/p>\n\n\n\n<p>Si invita a consultare la sezione \u201cCambi e Resi\u201d per conoscere gli ulteriori dettagli su modalit\u00e0, termini e condizioni per l&#8217;esercizio del diritto di recesso. Si ricorda che il contenuto della sezione \u201cResi\u201d \u00e8 parte integrante e sostanziale di queste Condizioni Generali di Vendita e si considera conosciuto ed accettato integralmente dal cliente al momento dell&#8217;invio del modulo d&#8217;ordine.<\/p>\n\n\n\n<div class=\"wp-block-spacer\" style=\"height: 20px;\" aria-hidden=\"true\">\u00a0<\/div>\n\n\n\n<p><strong>SERVIZIO CLIENTI E RECLAMI<\/strong><\/p>\n\n\n\n<p>Per qualsiasi necessit\u00e0 di assistenza o informazioni, il cliente pu\u00f2 rivolgersi al Servizio Clienti compilando l&#8217;apposito modulo nella sezione \u201cContattaci\u201d o chiamando il numero (+39) 0341890241<\/p>\n\n\n\n<p>BARUFFALDI FRATELLI SRL si impegna a rispondere ai reclami per iscritto a mezzo email entro giorni 3 lavorativi dalla ricezione della segnalazione o reclamo.<\/p>\n\n\n\n<div class=\"wp-block-spacer\" style=\"height: 20px;\" aria-hidden=\"true\">\u00a0<\/div>\n\n\n\n<p><strong>PRIVACY POLICY<\/strong><\/p>\n\n\n\n<p>BARUFFALDI FRATELLI SRL si pone l&#8217;obiettivo di tutelare al massimo la privacy degli utenti. Per conoscere le modalit\u00e0 di trattamento dei dati personali dell\u2019utente e per avere ulteriori informazioni sulla nostra Privacy Policy, si invita a consultare la sezione \u201c<a href=\"https:\/\/baruffaldipremanashop.com\/shop\/privacy-cookie-policy\/\" target=\"_blank\" rel=\"noreferrer noopener\">Privacy Policy<\/a>\u201d.<\/p>\n\n\n\n<div class=\"wp-block-spacer\" style=\"height: 20px;\" aria-hidden=\"true\">\u00a0<\/div>\n\n\n\n<p><strong>MODIFICA DELLE CONDIZIONI GENERALI DI VENDITA<\/strong><\/p>\n\n\n\n<p>Qualora lo reputi necessario od opportuno, BARUFFALDI FRATELLI SRL si riserva il diritto di modificare o aggiornare queste Condizioni Generali di Vendita. Si invita, pertanto, a consultare periodicamente la sezione sulle Condizioni Generali di Vendita ed in ogni caso, a leggerla attentamente prima di effettuare ciascun ordine.<\/p>\n\n\n\n<div class=\"wp-block-spacer\" style=\"height: 20px;\" aria-hidden=\"true\">\u00a0<\/div>\n\n\n\n<p><strong>SPEDIZIONE E CONSEGNA<\/strong><\/p>\n\n\n\n<p><strong>TEMPI DI CONSEGNA<\/strong><\/p>\n\n\n\n<p>Gli ordini sono spediti da BARUFFALDI FRATELLI SRL dal Luned\u00ec al Venerd\u00ec con orario 9:00-17:00. Gli ordini effettuati durante il fine settimana saranno processati a partire dal Luned\u00ec mattina successivo.<\/p>\n\n\n\n<p>BARUFFALDI FRATELLI SRL spedisce in tutta Italia tramite i corrieri SDA ecc., GLS ed UPS per le spedizioni internazionali.<\/p>\n\n\n\n<p>Nel caso il pacco vada in giacenza, l\u2019acquirente sar\u00e0 opportunamente contattato al fine di fornire informazioni utili al corriere affinch\u00e9 la consegna vada a buon fine.<\/p>\n\n\n\n<p>&nbsp;<\/p>\n\n\n\n<p>ITALIA corriere espresso tempi di consegna 2\/3 gg costo \u20ac6,90 gratuita a partire da \u20ac30,00.<br>UNIONE EUROPEA corriere espresso tempi di consegna 4\/5 gg costo \u20ac15,90<br>Per tutte le altre destinazioni, le spese di spedizione verranno calcolate e comunicate a conferma dell\u2019ordine.<\/p>\n\n\n\n<p>&nbsp;<\/p>\n\n\n\n<p><strong>COSTI DI SPEDIZIONE IN ITALIA:<\/strong><\/p>\n\n\n\n<p>Le spese di spedizione in Italia sono gratuite per ordini di importo uguale o superiore a \u20ac30,00. Per gli ordini di importo inferiore a \u20ac30,00 le spese di spedizione ammontano a \u20ac6,90.<\/p>\n\n\n\n<p>\u00c8 possibile che avvengano dei ritardi per le consegne in zone remote ed isole.<\/p>\n\n\n\n<div class=\"wp-block-spacer\" style=\"height: 20px;\" aria-hidden=\"true\">\u00a0<\/div>\n\n\n\n<p><strong>RICEZIONE DELLA MERCE<\/strong><\/p>\n\n\n\n<p>Se, al momento della consegna, l\u2019aspetto esteriore del pacco presenta imperfezioni, il Cliente deve procedere all\u2019apertura del pacco in presenza del trasportatore.<\/p>\n\n\n\n<p>Consigliamo di controllare la merce al momento della consegna e di verificare che la quantit\u00e0 dei prodotti consegnati corrisponda a quanto ordinato, che l\u2019imballo risulti integro, non danneggiato, o comunque alterato.<\/p>\n\n\n\n<p>Eventuali anomalie devono essere annotate per iscritto sulla bolla di consegna del corriere. Eventuali problemi nella consegna devono essere segnalati tempestivamente al nostro Servizio Clienti e comunque entro 24\/48 ore dalla ricezione del pacco.<\/p>\n\n\n\n<div class=\"wp-block-spacer\" style=\"height: 20px;\" aria-hidden=\"true\">\u00a0<\/div>\n\n\n\n<p><strong>RESI E CAMBI<\/strong><\/p>\n\n\n\n<p>Se i prodotti non soddisfano si pu\u00f2 richiedere un reso o cambio.<\/p>\n\n\n\n<p>Il reso del prodotto deve essere effettuato entro 14 giorni lavorativi presso la sede indicata nella sezione contatti.<\/p>\n\n\n\n<p>Le spese di spedizione sono completamente a carico dell\u2019acquirente.<\/p>\n\n\n\n<p>I resi effettuati oltre il termine indicato possono essere accettati esclusivamente a discrezione di BARUFFALDI FRATELLI SRL Per effettuare la procedura di reso \u00e8 necessario inviare una e-mail a <a href=\"mailto:baruffaldi@baruffaldi-fratelli.com\">baruffaldi@baruffaldi-fratelli.com<\/a>.<\/p>\n\n\n\n<p>Per effettuare il reso attendere l\u2019autorizzazione allo stesso rilasciata da BARUFFALDI FRATELLI SRL<\/p>\n\n\n\n<p>I resi non autorizzati non vengono accettati. Il reso viene accettato solo se viene seguita la procedura indicata in questo paragrafo.<\/p>\n\n\n\n<p>I prodotti vanno resi nell\u2019imballaggio originale per garantire che non vengano danneggiati durante la spedizione. La restituzione del prodotto comporta il pagamento delle spese di spedizione a carico dell\u2019utente.<\/p>\n\n\n\n<p>BARUFFALDI FRATELLI SRL invia una e-mail di conferma della ricezione del reso e di attivazione della procedura di sostituzione.<\/p>\n\n\n\n<p>Condizioni alle quali \u00e8 sottoposto il Diritto di Recesso:<\/p>\n\n\n\n<p>a) Il prodotto acquistato dovr\u00e0 essere integro e restituito nella confezione originale, completa in tutte le sue parti (imballo, documentazione eventuale, accessori, manuali); per limitare danni alla confezione originale si raccomanda, qualora ce ne fossero le condizioni, di inserirla in una seconda scatola. Non apporre etichette sulla confezione originale del prodotto;<\/p>\n\n\n\n<p>b) La spedizione del prodotto, fino all\u2019attestazione di avvenuto recapito presso BARUFFALDI FRATELLI SRL, \u00e8 sotto la completa responsabilit\u00e0 del Cliente.<\/p>\n\n\n\n<div class=\"wp-block-spacer\" style=\"height: 20px;\" aria-hidden=\"true\">\u00a0<\/div>\n\n\n\n<p><strong>MONDALIT\u00c0 DI RIMBORSO NEL CASO DI RESO<\/strong><\/p>\n\n\n\n<p>Il cliente dovr\u00e0 inviare una mail all\u2019indirizzo baruffaldi@baruffaldi-fratelli.com contenente tutti i riferimenti dell\u2019ordine e\/o dell\u2019articolo da restituire per il relativo rimborso, sar\u00e0 poi ricontattato per l\u2019eventuale accettazione ed avvio della procedura di reso. Entro 30 giorni lavorativi dal ricevimento della merce BARUFFALDI FRATELLI SRL provveder\u00e0 ad effettuare la Nota Credito al Cliente dell\u2019importo corrispondente al valore della merce risultante dalla transazione e\/o scontrino e\/o fattura. Nel suddetto importo non saranno comprese le spese di spedizione, in conformit\u00e0 con l\u2019art. 67, comma 3 e comma 4 del Decreto Legislativo n.206 del 06\/09\/2005.<\/p>\n\n\n\n<p><em>Quando decade il diritto di recesso o cambio<\/em><\/p>\n\n\n\n<p>Il Diritto di Recesso decade totalmente per mancanza della condizione essenziale di integrit\u00e0 del prodotto nei casi in cui BARUFFALDI FRATELLI SRL accerti:<\/p>\n\n\n\n<p>a) Il danneggiamento del prodotto;<\/p>\n\n\n\n<p>b) Un uso improprio e\/o parziale, del prodotto;<\/p>\n\n\n\n<p>c) La mancanza della confezione originale;<\/p>\n\n\n\n<p>d) L\u2019assenza di elementi integranti del prodotto.<\/p>\n\n\n\n<div class=\"wp-block-spacer\" style=\"height: 100px;\" aria-hidden=\"true\">\u00a0<\/div>\n","protected":false},"excerpt":{"rendered":"<p>Termini &amp; condizioni. L&#8217;acquisto dei prodotti sul sito www.baruffaldipremanashop.com \u00e8 regolato dalle presenti condizioni generali di vendita (d&#8217;ora in poi denominate \u201cCondizioni Generali di Vendita\u201d), che si richiede di visionare prima di concludere un ordine d\u2019acquisto. Le presenti Condizioni Generali di Vendita si applicano a tutti gli ordini d&#8217;acquisto effettuati sul sito www.baruffaldipremanashop.com secondo le &hellip;<\/p>\n","protected":false},"author":1,"featured_media":0,"parent":0,"menu_order":0,"comment_status":"closed","ping_status":"closed","template":"","meta":{"footnotes":""},"_links":{"self":[{"href":"https:\/\/baruffaldipremanashop.com\/shop\/wp-json\/wp\/v2\/pages\/1830"}],"collection":[{"href":"https:\/\/baruffaldipremanashop.com\/shop\/wp-json\/wp\/v2\/pages"}],"about":[{"href":"https:\/\/baruffaldipremanashop.com\/shop\/wp-json\/wp\/v2\/types\/page"}],"author":[{"embeddable":true,"href":"https:\/\/baruffaldipremanashop.com\/shop\/wp-json\/wp\/v2\/users\/1"}],"replies":[{"embeddable":true,"href":"https:\/\/baruffaldipremanashop.com\/shop\/wp-json\/wp\/v2\/comments?post=1830"}],"version-history":[{"count":13,"href":"https:\/\/baruffaldipremanashop.com\/shop\/wp-json\/wp\/v2\/pages\/1830\/revisions"}],"predecessor-version":[{"id":4150,"href":"https:\/\/baruffaldipremanashop.com\/shop\/wp-json\/wp\/v2\/pages\/1830\/revisions\/4150"}],"wp:attachment":[{"href":"https:\/\/baruffaldipremanashop.com\/shop\/wp-json\/wp\/v2\/media?parent=1830"}],"curies":[{"name":"wp","href":"https:\/\/api.w.org\/{rel}","templated":true}]}}